{"id":6,"date":"2021-04-23T09:55:57","date_gmt":"2021-04-23T07:55:57","guid":{"rendered":"http:\/\/nowa.tde.com.pl\/?page_id=6"},"modified":"2021-05-25T10:05:18","modified_gmt":"2021-05-25T08:05:18","slug":"create-your-website-with-blocks","status":"publish","type":"page","link":"https:\/\/tde.com.pl\/","title":{"rendered":""},"content":{"rendered":"\n<div class=\"wp-block-cover alignwide\"><img loading=\"lazy\" decoding=\"async\" width=\"1920\" height=\"1280\" class=\"wp-block-cover__image-background wp-image-41\" alt=\"\" src=\"http:\/\/nowa.tde.com.pl\/wp-content\/uploads\/2021\/04\/power-poles-503935_1920.jpg\" style=\"object-position:49% 90%\" data-object-fit=\"cover\" data-object-position=\"49% 90%\" srcset=\"https:\/\/tde.com.pl\/wp-content\/uploads\/2021\/04\/power-poles-503935_1920.jpg 1920w, https:\/\/tde.com.pl\/wp-content\/uploads\/2021\/04\/power-poles-503935_1920-300x200.jpg 300w, https:\/\/tde.com.pl\/wp-content\/uploads\/2021\/04\/power-poles-503935_1920-1024x683.jpg 1024w, https:\/\/tde.com.pl\/wp-content\/uploads\/2021\/04\/power-poles-503935_1920-768x512.jpg 768w, https:\/\/tde.com.pl\/wp-content\/uploads\/2021\/04\/power-poles-503935_1920-1536x1024.jpg 1536w\" sizes=\"auto, (max-width: 1920px) 100vw, 1920px\" \/><div class=\"wp-block-cover__inner-container is-layout-flow wp-block-cover-is-layout-flow\">\n<p class=\"has-text-align-center has-large-font-size\"><\/p>\n<\/div><\/div>\n\n\n\n<div style=\"height:61px\" aria-hidden=\"true\" class=\"wp-block-spacer\"><\/div>\n\n\n\n<h2 class=\"has-text-align-center wp-block-heading\">TDE Technika dla Energetyki Sp. z o.o. dostarcza nowoczesne rozwi\u0105zania dla bran\u017cy energetycznej.<\/h2>\n\n\n\n<div style=\"height:100px\" aria-hidden=\"true\" class=\"wp-block-spacer\"><\/div>\n\n\n\n<div class=\"wp-block-columns is-layout-flex wp-container-core-columns-is-layout-9d6595d7 wp-block-columns-is-layout-flex\">\n<div class=\"wp-block-column is-layout-flow wp-block-column-is-layout-flow\"><style id=\"kt-blocks_807f7a-f0\">#kt-info-box_807f7a-f0 .kt-blocks-info-box-link-wrap {border-radius:13px;background:rgba(255, 255, 255, 1);padding:24px 24px 24px 24px;margin-top:50px;border-width:2px 2px 2px 2px;}#kt-info-box_807f7a-f0 .kt-blocks-info-box-link-wrap:hover {border-color:rgba(238, 238, 238, 1);background:rgba(255, 255, 255, 1);}#kt-info-box_807f7a-f0 .kt-info-svg-icon, #kt-info-box_807f7a-f0 .kt-blocks-info-box-number {font-size:50px;}#kt-info-box_807f7a-f0 .kt-blocks-info-box-media {color:#40a798;background:#ffffff;border-color:#eeeeee;border-radius:200px;border-width:2px 2px 2px 2px;padding:20px 20px 20px 20px;}#kt-info-box_807f7a-f0 .kt-blocks-info-box-media-container {margin:-75px 0px 20px 0px;}#kt-info-box_807f7a-f0 .kt-blocks-info-box-media img {border-radius:200px;}#kt-info-box_807f7a-f0 .kt-blocks-info-box-link-wrap:hover .kt-blocks-info-box-media {color:#444444;background:#ffffff;border-color:#eeeeee;}#kt-info-box_807f7a-f0 .kt-blocks-info-box-title {font-size:16px;padding:0px 0px 0px 0px;margin:5px 0px 10px 0px;}#kt-info-box_807f7a-f0 .kt-blocks-info-box-text {font-size:10px;}<\/style>\n<div id=\"kt-info-box_807f7a-f0\" class=\"wp-block-kadence-infobox\"><a class=\"kt-blocks-info-box-link-wrap info-box-link kt-blocks-info-box-media-align-top kt-info-halign-center\"><div class=\"kt-blocks-info-box-media-container\"><div class=\"kt-blocks-info-box-media kt-info-media-animate-none\"><div class=\"kadence-info-box-icon-container kt-info-icon-animate-none\"><div class=\"kadence-info-box-icon-inner-container\"><span style=\"display:block;justify-content:center;align-items:center\" class=\"kt-info-svg-icon kt-info-svg-icon-fe_loader\"><svg style=\"display:inline-block;vertical-align:middle\" viewbox=\"0 0 24 24\" height=\"50\" width=\"50\" fill=\"none\" stroke=\"currentColor\" xmlns=\"http:\/\/www.w3.org\/2000\/svg\" stroke-width=\"2\" stroke-linecap=\"round\" stroke-linejoin=\"round\"><line x1=\"12\" y1=\"2\" x2=\"12\" y2=\"6\"><\/line><line x1=\"12\" y1=\"18\" x2=\"12\" y2=\"22\"><\/line><line x1=\"4.93\" y1=\"4.93\" x2=\"7.76\" y2=\"7.76\"><\/line><line x1=\"16.24\" y1=\"16.24\" x2=\"19.07\" y2=\"19.07\"><\/line><line x1=\"2\" y1=\"12\" x2=\"6\" y2=\"12\"><\/line><line x1=\"18\" y1=\"12\" x2=\"22\" y2=\"12\"><\/line><line x1=\"4.93\" y1=\"19.07\" x2=\"7.76\" y2=\"16.24\"><\/line><line x1=\"16.24\" y1=\"7.76\" x2=\"19.07\" y2=\"4.93\"><\/line><\/svg><\/span><\/div><\/div><\/div><\/div><div class=\"kt-infobox-textcontent\"><h4 class=\"kt-blocks-info-box-title\">Kompleksowa obs\u0142uga <br\/>remontowa<\/h4><p class=\"kt-blocks-info-box-text\"><\/p><\/div><\/a><\/div>\n<\/div>\n\n\n\n<div class=\"wp-block-column is-layout-flow wp-block-column-is-layout-flow\"><style id=\"kt-blocks_8a9d31-24\">#kt-info-box_8a9d31-24 .kt-blocks-info-box-link-wrap {border-radius:13px;background:rgba(255, 255, 255, 1);padding:24px 24px 24px 24px;margin-top:50px;border-width:2px 2px 2px 2px;}#kt-info-box_8a9d31-24 .kt-blocks-info-box-link-wrap:hover {border-color:rgba(238, 238, 238, 1);background:rgba(255, 255, 255, 1);}#kt-info-box_8a9d31-24 .kt-info-svg-icon, #kt-info-box_8a9d31-24 .kt-blocks-info-box-number {font-size:50px;}#kt-info-box_8a9d31-24 .kt-blocks-info-box-media {color:#40a798;background:#ffffff;border-color:#eeeeee;border-radius:200px;border-width:2px 2px 2px 2px;padding:20px 20px 20px 20px;}#kt-info-box_8a9d31-24 .kt-blocks-info-box-media-container {margin:-75px 0px 20px 0px;}#kt-info-box_8a9d31-24 .kt-blocks-info-box-media img {border-radius:200px;}#kt-info-box_8a9d31-24 .kt-blocks-info-box-link-wrap:hover .kt-blocks-info-box-media {color:#444444;background:#ffffff;border-color:#eeeeee;}#kt-info-box_8a9d31-24 .kt-blocks-info-box-title {font-size:16px;padding:0px 0px 0px 0px;margin:5px 0px 10px 0px;}#kt-info-box_8a9d31-24 .kt-blocks-info-box-text {font-size:10px;}<\/style>\n<div id=\"kt-info-box_8a9d31-24\" class=\"wp-block-kadence-infobox\"><a class=\"kt-blocks-info-box-link-wrap info-box-link kt-blocks-info-box-media-align-top kt-info-halign-center\"><div class=\"kt-blocks-info-box-media-container\"><div class=\"kt-blocks-info-box-media kt-info-media-animate-none\"><div class=\"kadence-info-box-icon-container kt-info-icon-animate-none\"><div class=\"kadence-info-box-icon-inner-container\"><span style=\"display:block;justify-content:center;align-items:center\" class=\"kt-info-svg-icon kt-info-svg-icon-fe_batteryCharging\"><svg style=\"display:inline-block;vertical-align:middle\" viewbox=\"0 0 24 24\" height=\"50\" width=\"50\" fill=\"none\" stroke=\"currentColor\" xmlns=\"http:\/\/www.w3.org\/2000\/svg\" stroke-width=\"2\" stroke-linecap=\"round\" stroke-linejoin=\"round\"><path d=\"M5 18H3a2 2 0 0 1-2-2V8a2 2 0 0 1 2-2h3.19M15 6h2a2 2 0 0 1 2 2v8a2 2 0 0 1-2 2h-3.19\"><\/path><line x1=\"23\" y1=\"13\" x2=\"23\" y2=\"11\"><\/line><polyline points=\"11 6 7 12 13 12 9 18\"><\/polyline><\/svg><\/span><\/div><\/div><\/div><\/div><div class=\"kt-infobox-textcontent\"><h4 class=\"kt-blocks-info-box-title\">Infrastruktura <br\/>energetyczna<\/h4><p class=\"kt-blocks-info-box-text\"><\/p><\/div><\/a><\/div>\n<\/div>\n\n\n\n<div class=\"wp-block-column is-layout-flow wp-block-column-is-layout-flow\"><style id=\"kt-blocks_d31345-cf\">#kt-info-box_d31345-cf .kt-blocks-info-box-link-wrap {border-radius:13px;background:rgba(255, 255, 255, 1);padding:24px 24px 24px 24px;margin-top:50px;border-width:2px 2px 2px 2px;}#kt-info-box_d31345-cf .kt-blocks-info-box-link-wrap:hover {border-color:rgba(238, 238, 238, 1);background:rgba(255, 255, 255, 1);}#kt-info-box_d31345-cf .kt-info-svg-icon, #kt-info-box_d31345-cf .kt-blocks-info-box-number {font-size:50px;}#kt-info-box_d31345-cf .kt-blocks-info-box-media {color:#40a798;background:#ffffff;border-color:#eeeeee;border-radius:200px;border-width:2px 2px 2px 2px;padding:20px 20px 20px 20px;}#kt-info-box_d31345-cf .kt-blocks-info-box-media-container {margin:-75px 0px 20px 0px;}#kt-info-box_d31345-cf .kt-blocks-info-box-media img {border-radius:200px;}#kt-info-box_d31345-cf .kt-blocks-info-box-link-wrap:hover .kt-blocks-info-box-media {color:#444444;background:#ffffff;border-color:#eeeeee;}#kt-info-box_d31345-cf .kt-blocks-info-box-title {font-size:16px;padding:0px 0px 0px 0px;margin:5px 0px 10px 0px;}#kt-info-box_d31345-cf .kt-blocks-info-box-text {font-size:10px;}<\/style>\n<div id=\"kt-info-box_d31345-cf\" class=\"wp-block-kadence-infobox\"><a class=\"kt-blocks-info-box-link-wrap info-box-link kt-blocks-info-box-media-align-top kt-info-halign-center\"><div class=\"kt-blocks-info-box-media-container\"><div class=\"kt-blocks-info-box-media kt-info-media-animate-none\"><div class=\"kadence-info-box-icon-container kt-info-icon-animate-none\"><div class=\"kadence-info-box-icon-inner-container\"><span style=\"display:block;justify-content:center;align-items:center\" class=\"kt-info-svg-icon kt-info-svg-icon-fe_users\"><svg style=\"display:inline-block;vertical-align:middle\" viewbox=\"0 0 24 24\" height=\"50\" width=\"50\" fill=\"none\" stroke=\"currentColor\" xmlns=\"http:\/\/www.w3.org\/2000\/svg\" stroke-width=\"2\" stroke-linecap=\"round\" stroke-linejoin=\"round\"><path d=\"M17 21v-2a4 4 0 0 0-4-4H5a4 4 0 0 0-4 4v2\"><\/path><circle cx=\"9\" cy=\"7\" r=\"4\"><\/circle><path d=\"M23 21v-2a4 4 0 0 0-3-3.87\"><\/path><path d=\"M16 3.13a4 4 0 0 1 0 7.75\"><\/path><\/svg><\/span><\/div><\/div><\/div><\/div><div class=\"kt-infobox-textcontent\"><h4 class=\"kt-blocks-info-box-title\">Doradztwo techniczne <br\/>i biznesowe<\/h4><p class=\"kt-blocks-info-box-text\"><\/p><\/div><\/a><\/div>\n<\/div>\n\n\n\n<div class=\"wp-block-column is-layout-flow wp-block-column-is-layout-flow\"><style id=\"kt-blocks_6a1819-5e\">#kt-info-box_6a1819-5e .kt-blocks-info-box-link-wrap {border-radius:13px;background:rgba(255, 255, 255, 1);padding:24px 24px 24px 24px;margin-top:50px;border-width:2px 2px 2px 2px;}#kt-info-box_6a1819-5e .kt-blocks-info-box-link-wrap:hover {border-color:rgba(238, 238, 238, 1);background:rgba(255, 255, 255, 1);}#kt-info-box_6a1819-5e .kt-info-svg-icon, #kt-info-box_6a1819-5e .kt-blocks-info-box-number {font-size:50px;}#kt-info-box_6a1819-5e .kt-blocks-info-box-media {color:#40a798;background:#ffffff;border-color:#eeeeee;border-radius:200px;border-width:2px 2px 2px 2px;padding:20px 20px 20px 20px;}#kt-info-box_6a1819-5e .kt-blocks-info-box-media-container {margin:-75px 0px 20px 0px;}#kt-info-box_6a1819-5e .kt-blocks-info-box-media img {border-radius:200px;}#kt-info-box_6a1819-5e .kt-blocks-info-box-link-wrap:hover .kt-blocks-info-box-media {color:#444444;background:#ffffff;border-color:#eeeeee;}#kt-info-box_6a1819-5e .kt-blocks-info-box-title {font-size:16px;padding:0px 0px 0px 0px;margin:5px 0px 10px 0px;}#kt-info-box_6a1819-5e .kt-blocks-info-box-text {font-size:10px;}<\/style>\n<div id=\"kt-info-box_6a1819-5e\" class=\"wp-block-kadence-infobox\"><a class=\"kt-blocks-info-box-link-wrap info-box-link kt-blocks-info-box-media-align-top kt-info-halign-center\"><div class=\"kt-blocks-info-box-media-container\"><div class=\"kt-blocks-info-box-media kt-info-media-animate-none\"><div class=\"kadence-info-box-icon-container kt-info-icon-animate-none\"><div class=\"kadence-info-box-icon-inner-container\"><span style=\"display:block;justify-content:center;align-items:center\" class=\"kt-info-svg-icon kt-info-svg-icon-fe_home\"><svg style=\"display:inline-block;vertical-align:middle\" viewbox=\"0 0 24 24\" height=\"50\" width=\"50\" fill=\"none\" stroke=\"currentColor\" xmlns=\"http:\/\/www.w3.org\/2000\/svg\" stroke-width=\"2\" stroke-linecap=\"round\" stroke-linejoin=\"round\"><path d=\"M3 9l9-7 9 7v11a2 2 0 0 1-2 2H5a2 2 0 0 1-2-2z\"><\/path><polyline points=\"9 22 9 12 15 12 15 22\"><\/polyline><\/svg><\/span><\/div><\/div><\/div><\/div><div class=\"kt-infobox-textcontent\"><h4 class=\"kt-blocks-info-box-title\">Odnawialne<br\/> \u017ar\u00f3d\u0142a energii\u00a0<\/h4><p class=\"kt-blocks-info-box-text\"><\/p><\/div><\/a><\/div>\n<\/div>\n<\/div>\n\n\n\n<div style=\"height:100px\" aria-hidden=\"true\" class=\"wp-block-spacer\"><\/div>\n\n\n\n<div class=\"wp-block-columns alignwide are-vertically-aligned-center is-style-twentytwentyone-columns-overlap is-layout-flex wp-container-core-columns-is-layout-9d6595d7 wp-block-columns-is-layout-flex\">\n<div class=\"wp-block-column is-vertically-aligned-center is-layout-flow wp-block-column-is-layout-flow\">\n<div class=\"wp-block-cover alignfull has-background-dim\"><img loading=\"lazy\" decoding=\"async\" width=\"1075\" height=\"1077\" class=\"wp-block-cover__image-background wp-image-46\" alt=\"\" src=\"http:\/\/nowa.tde.com.pl\/wp-content\/uploads\/2021\/04\/coal-fired-power-plant-308316_1920-edited.jpg\" data-object-fit=\"cover\" srcset=\"https:\/\/tde.com.pl\/wp-content\/uploads\/2021\/04\/coal-fired-power-plant-308316_1920-edited.jpg 1075w, https:\/\/tde.com.pl\/wp-content\/uploads\/2021\/04\/coal-fired-power-plant-308316_1920-edited-300x300.jpg 300w, https:\/\/tde.com.pl\/wp-content\/uploads\/2021\/04\/coal-fired-power-plant-308316_1920-edited-1022x1024.jpg 1022w, https:\/\/tde.com.pl\/wp-content\/uploads\/2021\/04\/coal-fired-power-plant-308316_1920-edited-150x150.jpg 150w, https:\/\/tde.com.pl\/wp-content\/uploads\/2021\/04\/coal-fired-power-plant-308316_1920-edited-768x769.jpg 768w\" sizes=\"auto, (max-width: 1075px) 100vw, 1075px\" \/><div class=\"wp-block-cover__inner-container is-layout-flow wp-block-cover-is-layout-flow\">\n<p class=\"has-text-align-center has-large-font-size\"><strong>Nowoczesne rozwi\u0105zania<\/strong><\/p>\n\n\n\n<p class=\"has-text-align-center\">Poprzez u\u017cycie najnowszych technologi&nbsp;<br>dostarczamy rozwi\u0105zania dostosowane do <br>potrzeb przemys\u0142u energetycznego.<\/p>\n<\/div><\/div>\n\n\n\n<div style=\"height:100px\" aria-hidden=\"true\" class=\"wp-block-spacer\"><\/div>\n\n\n\n<div class=\"wp-block-cover alignfull has-background-dim\"><img loading=\"lazy\" decoding=\"async\" width=\"1281\" height=\"1279\" class=\"wp-block-cover__image-background wp-image-48\" alt=\"\" src=\"http:\/\/nowa.tde.com.pl\/wp-content\/uploads\/2021\/04\/wind-farm-1747331_1920-edited.jpg\" data-object-fit=\"cover\" srcset=\"https:\/\/tde.com.pl\/wp-content\/uploads\/2021\/04\/wind-farm-1747331_1920-edited.jpg 1281w, https:\/\/tde.com.pl\/wp-content\/uploads\/2021\/04\/wind-farm-1747331_1920-edited-300x300.jpg 300w, https:\/\/tde.com.pl\/wp-content\/uploads\/2021\/04\/wind-farm-1747331_1920-edited-1024x1022.jpg 1024w, https:\/\/tde.com.pl\/wp-content\/uploads\/2021\/04\/wind-farm-1747331_1920-edited-150x150.jpg 150w, https:\/\/tde.com.pl\/wp-content\/uploads\/2021\/04\/wind-farm-1747331_1920-edited-768x767.jpg 768w\" sizes=\"auto, (max-width: 1281px) 100vw, 1281px\" \/><div class=\"wp-block-cover__inner-container is-layout-flow wp-block-cover-is-layout-flow\">\n<p class=\"has-text-align-center has-large-font-size\"><strong>Odnawialne \u017ar\u00f3d\u0142a energii<\/strong><\/p>\n\n\n\n<p class=\"has-text-align-center\">Bezemisyjna produkcja energii elektrycznej.<\/p>\n<\/div><\/div>\n\n\n\n<div style=\"height:173px\" aria-hidden=\"true\" class=\"wp-block-spacer\"><\/div>\n<\/div>\n\n\n\n<div class=\"wp-block-column is-vertically-aligned-center is-layout-flow wp-block-column-is-layout-flow\">\n<div style=\"height:100px\" aria-hidden=\"true\" class=\"wp-block-spacer\"><\/div>\n\n\n\n<div class=\"wp-block-cover has-background-dim\"><img loading=\"lazy\" decoding=\"async\" width=\"1202\" height=\"1202\" class=\"wp-block-cover__image-background wp-image-47\" alt=\"\" src=\"http:\/\/nowa.tde.com.pl\/wp-content\/uploads\/2021\/04\/turn-on-2933029_1920-edited.jpg\" data-object-fit=\"cover\" srcset=\"https:\/\/tde.com.pl\/wp-content\/uploads\/2021\/04\/turn-on-2933029_1920-edited.jpg 1202w, https:\/\/tde.com.pl\/wp-content\/uploads\/2021\/04\/turn-on-2933029_1920-edited-300x300.jpg 300w, https:\/\/tde.com.pl\/wp-content\/uploads\/2021\/04\/turn-on-2933029_1920-edited-1024x1024.jpg 1024w, https:\/\/tde.com.pl\/wp-content\/uploads\/2021\/04\/turn-on-2933029_1920-edited-150x150.jpg 150w, https:\/\/tde.com.pl\/wp-content\/uploads\/2021\/04\/turn-on-2933029_1920-edited-768x768.jpg 768w\" sizes=\"auto, (max-width: 1202px) 100vw, 1202px\" \/><div class=\"wp-block-cover__inner-container is-layout-flow wp-block-cover-is-layout-flow\">\n<p class=\"has-text-align-center has-large-font-size\"><strong>Doradztwo<\/strong><\/p>\n\n\n\n<p class=\"has-text-align-center has-normal-font-size\">Oferujemy kompleksowe doradztwo <br>z zakresu rozwi\u0105za\u0144 technicznych <br>i biznesowych w energetyce.&nbsp;<strong>&nbsp;<\/strong><\/p>\n<\/div><\/div>\n\n\n\n<div style=\"height:100px\" aria-hidden=\"true\" class=\"wp-block-spacer\"><\/div>\n\n\n\n<div class=\"wp-block-cover has-background-dim\"><img loading=\"lazy\" decoding=\"async\" width=\"1280\" height=\"416\" class=\"wp-block-cover__image-background wp-image-127\" alt=\"\" src=\"https:\/\/tde.com.pl\/wp-content\/uploads\/2021\/05\/excavators-1050501_1280.jpg\" style=\"object-position:60% 51%\" data-object-fit=\"cover\" data-object-position=\"60% 51%\" srcset=\"https:\/\/tde.com.pl\/wp-content\/uploads\/2021\/05\/excavators-1050501_1280.jpg 1280w, https:\/\/tde.com.pl\/wp-content\/uploads\/2021\/05\/excavators-1050501_1280-300x98.jpg 300w, https:\/\/tde.com.pl\/wp-content\/uploads\/2021\/05\/excavators-1050501_1280-1024x333.jpg 1024w, https:\/\/tde.com.pl\/wp-content\/uploads\/2021\/05\/excavators-1050501_1280-768x250.jpg 768w\" sizes=\"auto, (max-width: 1280px) 100vw, 1280px\" \/><div class=\"wp-block-cover__inner-container is-layout-flow wp-block-cover-is-layout-flow\">\n<p class=\"has-text-align-center has-large-font-size\"><strong>Produkcja<\/strong><\/p>\n\n\n\n<p class=\"has-text-align-center has-normal-font-size\">Dzi\u0119ki bogatemu zapleczu technicznemu oferujemy najwy\u017cszej jako\u015bci cz\u0119\u015bci zamienne do maszyn przemys\u0142owych.<\/p>\n<\/div><\/div>\n<\/div>\n<\/div>\n\n\n\n<div style=\"height:50px\" aria-hidden=\"true\" class=\"wp-block-spacer\"><\/div>\n","protected":false},"excerpt":{"rendered":"<p>TDE Technika dla Energetyki Sp. z o.o. dostarcza nowoczesne rozwi\u0105zania dla bran\u017cy energetycznej.<\/p>\n","protected":false},"author":1,"featured_media":0,"parent":0,"menu_order":0,"comment_status":"closed","ping_status":"closed","template":"","meta":{"kt_blocks_editor_width":"","footnotes":""},"class_list":["post-6","page","type-page","status-publish","hentry"],"kb_featured_image_src_large":false,"kb_author_info":{"display_name":"admin","author_link":"https:\/\/tde.com.pl\/index.php\/author\/admin\/","author_image":"https:\/\/secure.gravatar.com\/avatar\/c2bb1602f4acb705b74cf283c8cee6a567e17e58332e0609f3b6b6401b0fdd8e?s=96&d=mm&r=g"},"kb_comment_info":0,"_links":{"self":[{"href":"https:\/\/tde.com.pl\/index.php\/wp-json\/wp\/v2\/pages\/6","targetHints":{"allow":["GET"]}}],"collection":[{"href":"https:\/\/tde.com.pl\/index.php\/wp-json\/wp\/v2\/pages"}],"about":[{"href":"https:\/\/tde.com.pl\/index.php\/wp-json\/wp\/v2\/types\/page"}],"author":[{"embeddable":true,"href":"https:\/\/tde.com.pl\/index.php\/wp-json\/wp\/v2\/users\/1"}],"replies":[{"embeddable":true,"href":"https:\/\/tde.com.pl\/index.php\/wp-json\/wp\/v2\/comments?post=6"}],"version-history":[{"count":24,"href":"https:\/\/tde.com.pl\/index.php\/wp-json\/wp\/v2\/pages\/6\/revisions"}],"predecessor-version":[{"id":130,"href":"https:\/\/tde.com.pl\/index.php\/wp-json\/wp\/v2\/pages\/6\/revisions\/130"}],"wp:attachment":[{"href":"https:\/\/tde.com.pl\/index.php\/wp-json\/wp\/v2\/media?parent=6"}],"curies":[{"name":"wp","href":"https:\/\/api.w.org\/{rel}","templated":true}]}}